{"id":2,"date":"2017-08-02T21:51:51","date_gmt":"2017-08-02T19:51:51","guid":{"rendered":"http:\/\/www.extebois.fr\/blog\/fr\/?page_id=2"},"modified":"2021-02-15T15:58:40","modified_gmt":"2021-02-15T14:58:40","slug":"accueil","status":"publish","type":"page","link":"https:\/\/www.extebois.fr\/blog\/","title":{"rendered":"Accueil"},"content":{"rendered":"\n<h3>\n\t\text\u00e9bois \/ xtb\n\t<\/h3>\n\t<p>Ext\u00e9bois est un concepteur et fabricant fran\u00e7ais d&rsquo;aires de jeux pour enfants. Bas\u00e9e \u00e0 Bressuire, l&rsquo;entreprise forte de ses 29 ann\u00e9es d&rsquo;exp\u00e9rience propose des solutions d&rsquo;am\u00e9nagement de haute qualit\u00e9 qui r\u00e9pondent aux enjeux de s\u00e9curit\u00e9, de fiabilit\u00e9 et de durabilit\u00e9 des installations.<\/p>\n<p>Ext\u00e9bois (collection bois) et Xtb (collection m\u00e9tal) sont des partenaires reconnus et fiables pour vos am\u00e9nagements d&rsquo;aires de jeux disponibles en catalogue et en conception sur-mesure.<\/p>\n<p><a href=\"http:\/\/www.extebois.fr\">D\u00e9couvrez notre site web et son catalogue produits<\/a>.<\/p>\n\t<p>Vous avez une question ?<\/p>\n\n\t\t\t\t<img loading=\"lazy\" decoding=\"async\" src=\"https:\/\/www.extebois.fr\/blog\/fr\/wp-content\/uploads\/2021\/02\/visuel-extebois.jpg\" alt=\"extebois_facade\" itemprop=\"image\" height=\"533\" width=\"800\" title=\"visuel-extebois\" onerror=\"this.style.display='none'\"  \/>\n<h3>\n\t\tNe ratez aucune actualit\u00e9 !\n\t<\/h3>\n\t<p>Nous avons con\u00e7u ce blog afin de donner r\u00e9guli\u00e8rement \u00e0 nos clients et partenaires des informations et des actualit\u00e9s sur l&rsquo;entreprise et ses r\u00e9alisations. Nous r\u00e9aliserons une newsletter trimestrielle.<\/p>\n<p>Pour un email plus convivial, merci de saisir votre nom complet en plus de votre adresse email.<\/p>\n\tEXTEBOIS,<br \/>\nConcepteur et fabricant fran\u00e7ais<br \/>\nd&rsquo;\u00e9quipements d&rsquo;aires de jeux.\nD\u00e9couvrez notre site web : <a href=\"http:\/\/www.extebois.fr\">www.extebois.fr<\/a><br \/>\nTous droits r\u00e9serv\u00e9s &#8211; <a href=\"http:\/\/www.extebois.fr\/blog\/mentions-legales\/\">mentions l\u00e9gales<\/a><br \/>\nR\u00e9alisation <a href=\"http:\/\/www.agence71.fr\" target=\"_blank\" rel=\"noopener noreferrer\">Amomenti\/Agence 71<\/a>\n\tExt\u00e9bois<br \/>\n149 Bd de Nantes<br \/>\n79300 Bressuire\n<p>T\u00e9l. 05 49 65 26 30<\/p>\n\n","protected":false},"excerpt":{"rendered":"<p>ext\u00e9bois \/ xtb Ext\u00e9bois est un concepteur et fabricant fran\u00e7ais d&rsquo;aires de jeux pour enfants. Bas\u00e9e \u00e0 Bressuire, l&rsquo;entreprise forte de ses 29 ann\u00e9es d&rsquo;exp\u00e9rience propose des solutions d&rsquo;am\u00e9nagement de haute qualit\u00e9 qui r\u00e9pondent aux enjeux de s\u00e9curit\u00e9, de fiabilit\u00e9 et de durabilit\u00e9 des installations. Ext\u00e9bois (collection bois) et Xtb (collection m\u00e9tal) sont des partenaires&hellip;<\/p>\n","protected":false},"author":1,"featured_media":0,"parent":0,"menu_order":0,"comment_status":"closed","ping_status":"open","template":"","meta":{"_acf_changed":false,"inline_featured_image":false,"footnotes":""},"class_list":["post-2","page","type-page","status-publish","hentry"],"acf":[],"yoast_head":"<!-- This site is optimized with the Yoast SEO plugin v27.4 - https:\/\/yoast.com\/product\/yoast-seo-wordpress\/ -->\n<title>Accueil - Extebois Le blog<\/title>\n<meta name=\"robots\" content=\"index, follow, max-snippet:-1, max-image-preview:large, max-video-preview:-1\" \/>\n<link rel=\"canonical\" href=\"https:\/\/www.extebois.fr\/blog\/\" \/>\n<meta property=\"og:locale\" content=\"fr_FR\" \/>\n<meta property=\"og:type\" content=\"article\" \/>\n<meta property=\"og:title\" content=\"Accueil - Extebois Le blog\" \/>\n<meta property=\"og:description\" content=\"ext\u00e9bois \/ xtb Ext\u00e9bois est un concepteur et fabricant fran\u00e7ais d&rsquo;aires de jeux pour enfants. Bas\u00e9e \u00e0 Bressuire, l&rsquo;entreprise forte de ses 29 ann\u00e9es d&rsquo;exp\u00e9rience propose des solutions d&rsquo;am\u00e9nagement de haute qualit\u00e9 qui r\u00e9pondent aux enjeux de s\u00e9curit\u00e9, de fiabilit\u00e9 et de durabilit\u00e9 des installations. Ext\u00e9bois (collection bois) et Xtb (collection m\u00e9tal) sont des partenaires&hellip;\" \/>\n<meta property=\"og:url\" content=\"https:\/\/www.extebois.fr\/blog\/\" \/>\n<meta property=\"og:site_name\" content=\"Extebois Le blog\" \/>\n<meta property=\"article:modified_time\" content=\"2021-02-15T14:58:40+00:00\" \/>\n<meta property=\"og:image\" content=\"https:\/\/www.extebois.fr\/blog\/fr\/wp-content\/uploads\/2021\/02\/visuel-extebois.jpg\" \/>\n<meta name=\"twitter:card\" content=\"summary_large_image\" \/>\n<meta name=\"twitter:label1\" content=\"Dur\u00e9e de lecture estim\u00e9e\" \/>\n\t<meta name=\"twitter:data1\" content=\"1 minute\" \/>\n<script type=\"application\/ld+json\" class=\"yoast-schema-graph\">{\"@context\":\"https:\\\/\\\/schema.org\",\"@graph\":[{\"@type\":\"WebPage\",\"@id\":\"https:\\\/\\\/www.extebois.fr\\\/blog\\\/\",\"url\":\"https:\\\/\\\/www.extebois.fr\\\/blog\\\/\",\"name\":\"Accueil - Extebois Le blog\",\"isPartOf\":{\"@id\":\"https:\\\/\\\/www.extebois.fr\\\/blog\\\/#website\"},\"primaryImageOfPage\":{\"@id\":\"https:\\\/\\\/www.extebois.fr\\\/blog\\\/#primaryimage\"},\"image\":{\"@id\":\"https:\\\/\\\/www.extebois.fr\\\/blog\\\/#primaryimage\"},\"thumbnailUrl\":\"https:\\\/\\\/www.extebois.fr\\\/blog\\\/fr\\\/wp-content\\\/uploads\\\/2021\\\/02\\\/visuel-extebois.jpg\",\"datePublished\":\"2017-08-02T19:51:51+00:00\",\"dateModified\":\"2021-02-15T14:58:40+00:00\",\"breadcrumb\":{\"@id\":\"https:\\\/\\\/www.extebois.fr\\\/blog\\\/#breadcrumb\"},\"inLanguage\":\"fr-FR\",\"potentialAction\":[{\"@type\":\"ReadAction\",\"target\":[\"https:\\\/\\\/www.extebois.fr\\\/blog\\\/\"]}]},{\"@type\":\"ImageObject\",\"inLanguage\":\"fr-FR\",\"@id\":\"https:\\\/\\\/www.extebois.fr\\\/blog\\\/#primaryimage\",\"url\":\"https:\\\/\\\/www.extebois.fr\\\/blog\\\/fr\\\/wp-content\\\/uploads\\\/2021\\\/02\\\/visuel-extebois.jpg\",\"contentUrl\":\"https:\\\/\\\/www.extebois.fr\\\/blog\\\/fr\\\/wp-content\\\/uploads\\\/2021\\\/02\\\/visuel-extebois.jpg\",\"width\":800,\"height\":533,\"caption\":\"extebois_facade\"},{\"@type\":\"BreadcrumbList\",\"@id\":\"https:\\\/\\\/www.extebois.fr\\\/blog\\\/#breadcrumb\",\"itemListElement\":[{\"@type\":\"ListItem\",\"position\":1,\"name\":\"Accueil\",\"item\":\"https:\\\/\\\/www.extebois.fr\\\/blog\\\/\"},{\"@type\":\"ListItem\",\"position\":2,\"name\":\"Accueil\"}]},{\"@type\":\"WebSite\",\"@id\":\"https:\\\/\\\/www.extebois.fr\\\/blog\\\/#website\",\"url\":\"https:\\\/\\\/www.extebois.fr\\\/blog\\\/\",\"name\":\"Extebois Le blog\",\"description\":\"Les actualit\u00e9s d&#039;Extebois\",\"potentialAction\":[{\"@type\":\"SearchAction\",\"target\":{\"@type\":\"EntryPoint\",\"urlTemplate\":\"https:\\\/\\\/www.extebois.fr\\\/blog\\\/?s={search_term_string}\"},\"query-input\":{\"@type\":\"PropertyValueSpecification\",\"valueRequired\":true,\"valueName\":\"search_term_string\"}}],\"inLanguage\":\"fr-FR\"}]}<\/script>\n<!-- \/ Yoast SEO plugin. -->","yoast_head_json":{"title":"Accueil - Extebois Le blog","robots":{"index":"index","follow":"follow","max-snippet":"max-snippet:-1","max-image-preview":"max-image-preview:large","max-video-preview":"max-video-preview:-1"},"canonical":"https:\/\/www.extebois.fr\/blog\/","og_locale":"fr_FR","og_type":"article","og_title":"Accueil - Extebois Le blog","og_description":"ext\u00e9bois \/ xtb Ext\u00e9bois est un concepteur et fabricant fran\u00e7ais d&rsquo;aires de jeux pour enfants. Bas\u00e9e \u00e0 Bressuire, l&rsquo;entreprise forte de ses 29 ann\u00e9es d&rsquo;exp\u00e9rience propose des solutions d&rsquo;am\u00e9nagement de haute qualit\u00e9 qui r\u00e9pondent aux enjeux de s\u00e9curit\u00e9, de fiabilit\u00e9 et de durabilit\u00e9 des installations. Ext\u00e9bois (collection bois) et Xtb (collection m\u00e9tal) sont des partenaires&hellip;","og_url":"https:\/\/www.extebois.fr\/blog\/","og_site_name":"Extebois Le blog","article_modified_time":"2021-02-15T14:58:40+00:00","og_image":[{"url":"https:\/\/www.extebois.fr\/blog\/fr\/wp-content\/uploads\/2021\/02\/visuel-extebois.jpg","type":"","width":"","height":""}],"twitter_card":"summary_large_image","twitter_misc":{"Dur\u00e9e de lecture estim\u00e9e":"1 minute"},"schema":{"@context":"https:\/\/schema.org","@graph":[{"@type":"WebPage","@id":"https:\/\/www.extebois.fr\/blog\/","url":"https:\/\/www.extebois.fr\/blog\/","name":"Accueil - Extebois Le blog","isPartOf":{"@id":"https:\/\/www.extebois.fr\/blog\/#website"},"primaryImageOfPage":{"@id":"https:\/\/www.extebois.fr\/blog\/#primaryimage"},"image":{"@id":"https:\/\/www.extebois.fr\/blog\/#primaryimage"},"thumbnailUrl":"https:\/\/www.extebois.fr\/blog\/fr\/wp-content\/uploads\/2021\/02\/visuel-extebois.jpg","datePublished":"2017-08-02T19:51:51+00:00","dateModified":"2021-02-15T14:58:40+00:00","breadcrumb":{"@id":"https:\/\/www.extebois.fr\/blog\/#breadcrumb"},"inLanguage":"fr-FR","potentialAction":[{"@type":"ReadAction","target":["https:\/\/www.extebois.fr\/blog\/"]}]},{"@type":"ImageObject","inLanguage":"fr-FR","@id":"https:\/\/www.extebois.fr\/blog\/#primaryimage","url":"https:\/\/www.extebois.fr\/blog\/fr\/wp-content\/uploads\/2021\/02\/visuel-extebois.jpg","contentUrl":"https:\/\/www.extebois.fr\/blog\/fr\/wp-content\/uploads\/2021\/02\/visuel-extebois.jpg","width":800,"height":533,"caption":"extebois_facade"},{"@type":"BreadcrumbList","@id":"https:\/\/www.extebois.fr\/blog\/#breadcrumb","itemListElement":[{"@type":"ListItem","position":1,"name":"Accueil","item":"https:\/\/www.extebois.fr\/blog\/"},{"@type":"ListItem","position":2,"name":"Accueil"}]},{"@type":"WebSite","@id":"https:\/\/www.extebois.fr\/blog\/#website","url":"https:\/\/www.extebois.fr\/blog\/","name":"Extebois Le blog","description":"Les actualit\u00e9s d&#039;Extebois","potentialAction":[{"@type":"SearchAction","target":{"@type":"EntryPoint","urlTemplate":"https:\/\/www.extebois.fr\/blog\/?s={search_term_string}"},"query-input":{"@type":"PropertyValueSpecification","valueRequired":true,"valueName":"search_term_string"}}],"inLanguage":"fr-FR"}]}},"_links":{"self":[{"href":"https:\/\/www.extebois.fr\/blog\/wp-json\/wp\/v2\/pages\/2","targetHints":{"allow":["GET"]}}],"collection":[{"href":"https:\/\/www.extebois.fr\/blog\/wp-json\/wp\/v2\/pages"}],"about":[{"href":"https:\/\/www.extebois.fr\/blog\/wp-json\/wp\/v2\/types\/page"}],"author":[{"embeddable":true,"href":"https:\/\/www.extebois.fr\/blog\/wp-json\/wp\/v2\/users\/1"}],"replies":[{"embeddable":true,"href":"https:\/\/www.extebois.fr\/blog\/wp-json\/wp\/v2\/comments?post=2"}],"version-history":[{"count":48,"href":"https:\/\/www.extebois.fr\/blog\/wp-json\/wp\/v2\/pages\/2\/revisions"}],"predecessor-version":[{"id":1173,"href":"https:\/\/www.extebois.fr\/blog\/wp-json\/wp\/v2\/pages\/2\/revisions\/1173"}],"wp:attachment":[{"href":"https:\/\/www.extebois.fr\/blog\/wp-json\/wp\/v2\/media?parent=2"}],"curies":[{"name":"wp","href":"https:\/\/api.w.org\/{rel}","templated":true}]}}